{"id":336,"date":"2020-03-13T17:29:07","date_gmt":"2020-03-13T17:29:07","guid":{"rendered":"https:\/\/lagar.vamtam.com\/?page_id=336"},"modified":"2025-12-11T14:11:10","modified_gmt":"2025-12-11T14:11:10","slug":"informacion","status":"publish","type":"page","link":"https:\/\/thewineaffair.be\/es\/info\/","title":{"rendered":"Informaci\u00f3n"},"content":{"rendered":"<div data-elementor-type=\"wp-page\" data-elementor-id=\"336\" class=\"elementor elementor-336\" data-elementor-post-type=\"page\">\n\t\t\t\t\t\t<section class=\"elementor-section elementor-top-section elementor-element elementor-element-06f4fe2 elementor-section-height-min-height elementor-section-content-bottom elementor-section-boxed elementor-section-height-default elementor-section-items-middle\" data-id=\"06f4fe2\" data-element_type=\"section\" data-e-type=\"section\" data-settings=\"{&quot;background_background&quot;:&quot;classic&quot;}\">\n\t\t\t\t\t\t\t<div class=\"elementor-background-overlay\"><\/div>\n\t\t\t\t\t\t\t<div class=\"elementor-container elementor-column-gap-default\">\n\t\t\t\t\t<div class=\"elementor-column elementor-col-100 elementor-top-column elementor-element elementor-element-3081e41\" data-id=\"3081e41\" data-element_type=\"column\" data-e-type=\"column\">\n\t\t\t<div class=\"elementor-widget-wrap elementor-element-populated\">\n\t\t\t\t\t\t<div class=\"elementor-element elementor-element-a3baa85 animated-slow elementor-invisible elementor-widget elementor-widget-heading\" data-id=\"a3baa85\" data-element_type=\"widget\" data-e-type=\"widget\" data-settings=\"{&quot;_animation&quot;:&quot;fadeIn&quot;}\" data-widget_type=\"heading.default\">\n\t\t\t\t<div class=\"elementor-widget-container\">\n\t\t\t\t\t<h2 class=\"elementor-heading-title elementor-size-default\">Experim\u00e9ntelo usted mismo en Lovaina<\/h2>\t\t\t\t<\/div>\n\t\t\t\t<\/div>\n\t\t\t\t<div class=\"elementor-element elementor-element-9df84ec elementor-invisible elementor-widget elementor-widget-text-editor\" data-id=\"9df84ec\" data-element_type=\"widget\" data-e-type=\"widget\" data-settings=\"{&quot;_animation&quot;:&quot;fadeIn&quot;,&quot;_animation_delay&quot;:300}\" data-widget_type=\"text-editor.default\">\n\t\t\t\t<div class=\"elementor-widget-container\">\n\t\t\t\t\t\t\t\t\t<p><strong>Todo lo que necesita saber antes de su visita al evento.<\/strong><\/p><p>\u200dDescubra cu\u00e1ndo, d\u00f3nde y c\u00f3mo llegar hasta nosotros. Tanto si vienes a degustar, experimentar o establecer contactos.<\/p><p>Aqu\u00ed encontrar\u00e1 toda la informaci\u00f3n pr\u00e1ctica para una visita inspiradora y sin complicaciones.<\/p>\t\t\t\t\t\t\t\t<\/div>\n\t\t\t\t<\/div>\n\t\t\t\t\t<\/div>\n\t\t<\/div>\n\t\t\t\t\t<\/div>\n\t\t<\/section>\n\t\t<div class=\"elementor-element elementor-element-9d2fd16 e-grid e-con-boxed e-con e-parent\" data-id=\"9d2fd16\" data-element_type=\"container\" data-e-type=\"container\">\n\t\t\t\t\t<div class=\"e-con-inner\">\n\t\t<div class=\"elementor-element elementor-element-955b057 e-con-full e-flex elementor-invisible e-con e-child\" data-id=\"955b057\" data-element_type=\"container\" data-e-type=\"container\" data-settings=\"{&quot;background_background&quot;:&quot;classic&quot;,&quot;animation&quot;:&quot;fadeIn&quot;}\">\n\t\t\t\t<div class=\"elementor-element elementor-element-46e21e4 elementor-widget elementor-widget-heading\" data-id=\"46e21e4\" data-element_type=\"widget\" data-e-type=\"widget\" data-widget_type=\"heading.default\">\n\t\t\t\t<div class=\"elementor-widget-container\">\n\t\t\t\t\t<h2 class=\"elementor-heading-title elementor-size-default\">Fechas y horarios\n<\/h2>\t\t\t\t<\/div>\n\t\t\t\t<\/div>\n\t\t\t\t<div class=\"elementor-element elementor-element-4c1b424 elementor-widget elementor-widget-text-editor\" data-id=\"4c1b424\" data-element_type=\"widget\" data-e-type=\"widget\" data-widget_type=\"text-editor.default\">\n\t\t\t\t<div class=\"elementor-widget-container\">\n\t\t\t\t\t\t\t\t\t<p class=\"utility-margin-bottom-0 non-italic\">Viernes, 30 de octubre de 2026<\/p><p class=\"utility-margin-bottom-0\"><em>16:00 - 22:00<\/em> \u2192 Vino Afterwork<\/p><p class=\"utility-margin-bottom-0 non-italic\">S\u00e1bado, 31 de noviembre de 2026<\/p><p class=\"utility-margin-bottom-0\">14:00 - 20:00<\/p><p class=\"utility-margin-bottom-0 non-italic\">Domingo, 1 de noviembre de 2026<\/p><p class=\"utility-margin-bottom-0\"><em>12:00 - 18:00<\/em><\/p>\t\t\t\t\t\t\t\t<\/div>\n\t\t\t\t<\/div>\n\t\t\t\t<\/div>\n\t\t<div class=\"elementor-element elementor-element-27b24e6 e-con-full e-flex elementor-invisible e-con e-child\" data-id=\"27b24e6\" data-element_type=\"container\" data-e-type=\"container\" data-settings=\"{&quot;background_background&quot;:&quot;classic&quot;,&quot;animation&quot;:&quot;fadeIn&quot;,&quot;animation_delay&quot;:300}\">\n\t\t\t\t<div class=\"elementor-element elementor-element-b0a7bf1 elementor-widget elementor-widget-heading\" data-id=\"b0a7bf1\" data-element_type=\"widget\" data-e-type=\"widget\" data-widget_type=\"heading.default\">\n\t\t\t\t<div class=\"elementor-widget-container\">\n\t\t\t\t\t<h2 class=\"elementor-heading-title elementor-size-default\">Ubicaci\u00f3n\n<\/h2>\t\t\t\t<\/div>\n\t\t\t\t<\/div>\n\t\t\t\t<div class=\"elementor-element elementor-element-cfc03ab elementor-widget elementor-widget-text-editor\" data-id=\"cfc03ab\" data-element_type=\"widget\" data-e-type=\"widget\" data-widget_type=\"text-editor.default\">\n\t\t\t\t<div class=\"elementor-widget-container\">\n\t\t\t\t\t\t\t\t\t<p class=\"utility-margin-bottom-0 non-italic\">Brabantlaan 1, 3000 Lovaina<\/p>\t\t\t\t\t\t\t\t<\/div>\n\t\t\t\t<\/div>\n\t\t\t\t<div class=\"elementor-element elementor-element-c062bf7 elementor-widget elementor-widget-google_maps\" data-id=\"c062bf7\" data-element_type=\"widget\" data-e-type=\"widget\" data-widget_type=\"google_maps.default\">\n\t\t\t\t<div class=\"elementor-widget-container\">\n\t\t\t\t\t\t\t<div class=\"elementor-custom-embed\">\n\t\t\t<iframe loading=\"lazy\" src=\"https:\/\/maps.google.com\/maps?q=Brabanthal%2C%20Leuven&#038;t=m&#038;z=10&#038;output=embed&#038;iwloc=near\"\n\t\t\t\t\ttitle=\"Brabanthal, Lovaina\"\n\t\t\t\t\taria-label=\"Brabanthal, Lovaina\"\n\t\t\t><\/iframe>\n\t\t<\/div>\n\t\t\t\t\t\t<\/div>\n\t\t\t\t<\/div>\n\t\t\t\t<\/div>\n\t\t<div class=\"elementor-element elementor-element-f57fd3c e-con-full e-flex elementor-invisible e-con e-child\" data-id=\"f57fd3c\" data-element_type=\"container\" data-e-type=\"container\" data-settings=\"{&quot;background_background&quot;:&quot;classic&quot;,&quot;animation&quot;:&quot;fadeIn&quot;,&quot;animation_delay&quot;:600}\">\n\t\t\t\t<div class=\"elementor-element elementor-element-e0da898 elementor-widget elementor-widget-heading\" data-id=\"e0da898\" data-element_type=\"widget\" data-e-type=\"widget\" data-widget_type=\"heading.default\">\n\t\t\t\t<div class=\"elementor-widget-container\">\n\t\t\t\t\t<h2 class=\"elementor-heading-title elementor-size-default\">Accesibilidad y aparcamiento\n<\/h2>\t\t\t\t<\/div>\n\t\t\t\t<\/div>\n\t\t\t\t<div class=\"elementor-element elementor-element-9e0fc71 elementor-widget elementor-widget-text-editor\" data-id=\"9e0fc71\" data-element_type=\"widget\" data-e-type=\"widget\" data-widget_type=\"text-editor.default\">\n\t\t\t\t<div class=\"elementor-widget-container\">\n\t\t\t\t\t\t\t\t\t<ul><li>Gratuito y apto para sillas de ruedas<\/li><li>aparcamiento cerca de la entrada<\/li><li>Acceso para minusv\u00e1lidos: ascensor, instalaciones sanitarias y salas de reuniones accesibles en silla de ruedas.<\/li><\/ul>\t\t\t\t\t\t\t\t<\/div>\n\t\t\t\t<\/div>\n\t\t\t\t<\/div>\n\t\t<div class=\"elementor-element elementor-element-949a763 e-con-full e-flex elementor-invisible e-con e-child\" data-id=\"949a763\" data-element_type=\"container\" data-e-type=\"container\" data-settings=\"{&quot;background_background&quot;:&quot;classic&quot;,&quot;animation&quot;:&quot;fadeIn&quot;,&quot;animation_delay&quot;:900}\">\n\t\t\t\t<div class=\"elementor-element elementor-element-2bc18bd elementor-widget elementor-widget-heading\" data-id=\"2bc18bd\" data-element_type=\"widget\" data-e-type=\"widget\" data-widget_type=\"heading.default\">\n\t\t\t\t<div class=\"elementor-widget-container\">\n\t\t\t\t\t<h2 class=\"elementor-heading-title elementor-size-default\">Entradas\n<\/h2>\t\t\t\t<\/div>\n\t\t\t\t<\/div>\n\t\t\t\t<div class=\"elementor-element elementor-element-84259a7 elementor-widget elementor-widget-text-editor\" data-id=\"84259a7\" data-element_type=\"widget\" data-e-type=\"widget\" data-widget_type=\"text-editor.default\">\n\t\t\t\t<div class=\"elementor-widget-container\">\n\t\t\t\t\t\t\t\t\t<ul><li>Precio: 15 euros<\/li><li>Ni\u00f1os de hasta 12 a\u00f1os: gratis<\/li><li>Las entradas pueden reservarse por anticipado a trav\u00e9s de nuestro sitio web. <a href=\"https:\/\/lifestyle-vlaanderen.fairtix.io\/p\/wine-spirits-art-affair-2025\" target=\"_blank\" rel=\"noopener\">Compre sus entradas aqu\u00ed<\/a><\/li><\/ul>\t\t\t\t\t\t\t\t<\/div>\n\t\t\t\t<\/div>\n\t\t\t\t<\/div>\n\t\t\t\t\t<\/div>\n\t\t\t\t<\/div>\n\t\t<div class=\"elementor-element elementor-element-41aaf10 e-flex e-con-boxed e-con e-parent\" data-id=\"41aaf10\" data-element_type=\"container\" data-e-type=\"container\">\n\t\t\t\t\t<div class=\"e-con-inner\">\n\t\t\t\t<div class=\"elementor-element elementor-element-4bae1ea elementor-invisible elementor-widget elementor-widget-text-editor\" data-id=\"4bae1ea\" data-element_type=\"widget\" data-e-type=\"widget\" data-settings=\"{&quot;_animation&quot;:&quot;fadeIn&quot;,&quot;_animation_delay&quot;:1200}\" data-widget_type=\"text-editor.default\">\n\t\t\t\t<div class=\"elementor-widget-container\">\n\t\t\t\t\t\t\t\t\t<p><strong>\u00a1Atenci\u00f3n!<\/strong><\/p><ul><li>No se admiten animales<\/li><li>S\u00f3lo se servir\u00e1 alcohol a mayores de 18 a\u00f1os<\/li><\/ul>\t\t\t\t\t\t\t\t<\/div>\n\t\t\t\t<\/div>\n\t\t\t\t\t<\/div>\n\t\t\t\t<\/div>\n\t\t\t\t<\/div>","protected":false},"excerpt":{"rendered":"<p>Beleef het zelf in Leuven Alles wat je moet weten voor jouw bezoek aan het event. \u200dOntdek wanneer, waar en hoe je ons bereikt. Of je nu komt proeven, beleven of netwerken. Hier vind je alle praktische info voor een zorgeloos en inspirerend bezoek. Data &amp; Openingsuren Vrijdag 30 oktober 2026 16:00 \u2013 22:00 \u2192&#8230;<\/p>","protected":false},"author":1,"featured_media":0,"parent":0,"menu_order":0,"comment_status":"closed","ping_status":"closed","template":"","meta":{"footnotes":""},"class_list":["post-336","page","type-page","status-publish","hentry"],"yoast_head":"<!-- This site is optimized with the Yoast SEO plugin v27.3 - https:\/\/yoast.com\/product\/yoast-seo-wordpress\/ -->\n<title>Praktische Info - The Wine Affair<\/title>\n<meta name=\"description\" content=\"Alles wat je moet weten voor jouw bezoek aan het event.\u200dOntdek wanneer, waar en hoe je ons bereikt. Of je nu komt proeven, beleven of netwerken.Hier vind je alle praktische info voor een zorgeloos en inspirerend bezoek.\" \/>\n<meta name=\"robots\" content=\"index, follow, max-snippet:-1, max-image-preview:large, max-video-preview:-1\" \/>\n<link rel=\"canonical\" href=\"https:\/\/thewineaffair.be\/es\/informacion\/\" \/>\n<meta property=\"og:locale\" content=\"es_ES\" \/>\n<meta property=\"og:type\" content=\"article\" \/>\n<meta property=\"og:title\" content=\"Praktische Info - The Wine Affair\" \/>\n<meta property=\"og:description\" content=\"Alles wat je moet weten voor jouw bezoek aan het event.\u200dOntdek wanneer, waar en hoe je ons bereikt. Of je nu komt proeven, beleven of netwerken.Hier vind je alle praktische info voor een zorgeloos en inspirerend bezoek.\" \/>\n<meta property=\"og:url\" content=\"https:\/\/thewineaffair.be\/es\/informacion\/\" \/>\n<meta property=\"og:site_name\" content=\"The Wine Affair\" \/>\n<meta property=\"article:publisher\" content=\"https:\/\/www.facebook.com\/thewinespiritsartsaffair\" \/>\n<meta property=\"article:modified_time\" content=\"2025-12-11T14:11:10+00:00\" \/>\n<meta name=\"twitter:card\" content=\"summary_large_image\" \/>\n<meta name=\"twitter:label1\" content=\"Tiempo de lectura\" \/>\n\t<meta name=\"twitter:data1\" content=\"1 minuto\" \/>\n<script type=\"application\/ld+json\" class=\"yoast-schema-graph\">{\"@context\":\"https:\\\/\\\/schema.org\",\"@graph\":[{\"@type\":\"WebPage\",\"@id\":\"https:\\\/\\\/thewineaffair.be\\\/info\\\/\",\"url\":\"https:\\\/\\\/thewineaffair.be\\\/info\\\/\",\"name\":\"Praktische Info - The Wine Affair\",\"isPartOf\":{\"@id\":\"https:\\\/\\\/thewineaffair.be\\\/#website\"},\"datePublished\":\"2020-03-13T17:29:07+00:00\",\"dateModified\":\"2025-12-11T14:11:10+00:00\",\"description\":\"Alles wat je moet weten voor jouw bezoek aan het event.\u200dOntdek wanneer, waar en hoe je ons bereikt. Of je nu komt proeven, beleven of netwerken.Hier vind je alle praktische info voor een zorgeloos en inspirerend bezoek.\",\"breadcrumb\":{\"@id\":\"https:\\\/\\\/thewineaffair.be\\\/info\\\/#breadcrumb\"},\"inLanguage\":\"es\",\"potentialAction\":[{\"@type\":\"ReadAction\",\"target\":[\"https:\\\/\\\/thewineaffair.be\\\/info\\\/\"]}]},{\"@type\":\"BreadcrumbList\",\"@id\":\"https:\\\/\\\/thewineaffair.be\\\/info\\\/#breadcrumb\",\"itemListElement\":[{\"@type\":\"ListItem\",\"position\":1,\"name\":\"Home\",\"item\":\"https:\\\/\\\/thewineaffair.be\\\/\"},{\"@type\":\"ListItem\",\"position\":2,\"name\":\"Info\"}]},{\"@type\":\"WebSite\",\"@id\":\"https:\\\/\\\/thewineaffair.be\\\/#website\",\"url\":\"https:\\\/\\\/thewineaffair.be\\\/\",\"name\":\"The Wine Affair\",\"description\":\"Wijn, Gedistilleerd, Bieren en Kunst\",\"publisher\":{\"@id\":\"https:\\\/\\\/thewineaffair.be\\\/#organization\"},\"potentialAction\":[{\"@type\":\"SearchAction\",\"target\":{\"@type\":\"EntryPoint\",\"urlTemplate\":\"https:\\\/\\\/thewineaffair.be\\\/?s={search_term_string}\"},\"query-input\":{\"@type\":\"PropertyValueSpecification\",\"valueRequired\":true,\"valueName\":\"search_term_string\"}}],\"inLanguage\":\"es\"},{\"@type\":\"Organization\",\"@id\":\"https:\\\/\\\/thewineaffair.be\\\/#organization\",\"name\":\"The Wine Affair\",\"url\":\"https:\\\/\\\/thewineaffair.be\\\/\",\"logo\":{\"@type\":\"ImageObject\",\"inLanguage\":\"es\",\"@id\":\"https:\\\/\\\/thewineaffair.be\\\/#\\\/schema\\\/logo\\\/image\\\/\",\"url\":\"https:\\\/\\\/thewineaffair.be\\\/wp-content\\\/uploads\\\/2020\\\/03\\\/Untitled-2-1-e1753967920346.png\",\"contentUrl\":\"https:\\\/\\\/thewineaffair.be\\\/wp-content\\\/uploads\\\/2020\\\/03\\\/Untitled-2-1-e1753967920346.png\",\"width\":800,\"height\":139,\"caption\":\"The Wine Affair\"},\"image\":{\"@id\":\"https:\\\/\\\/thewineaffair.be\\\/#\\\/schema\\\/logo\\\/image\\\/\"},\"sameAs\":[\"https:\\\/\\\/www.facebook.com\\\/thewinespiritsartsaffair\",\"https:\\\/\\\/www.instagram.com\\\/the_wine_affair_spirits_art\\\/\"]}]}<\/script>\n<!-- \/ Yoast SEO plugin. -->","yoast_head_json":{"title":"Informaci\u00f3n pr\u00e1ctica - The Wine Affair","description":"Todo lo que necesita saber para su visita al evento \u200dDescubra cu\u00e1ndo, d\u00f3nde y c\u00f3mo llegar. Aqu\u00ed encontrar\u00e1 toda la informaci\u00f3n pr\u00e1ctica para que su visita le resulte sencilla e inspiradora.","robots":{"index":"index","follow":"follow","max-snippet":"max-snippet:-1","max-image-preview":"max-image-preview:large","max-video-preview":"max-video-preview:-1"},"canonical":"https:\/\/thewineaffair.be\/es\/informacion\/","og_locale":"es_ES","og_type":"article","og_title":"Praktische Info - The Wine Affair","og_description":"Alles wat je moet weten voor jouw bezoek aan het event.\u200dOntdek wanneer, waar en hoe je ons bereikt. Of je nu komt proeven, beleven of netwerken.Hier vind je alle praktische info voor een zorgeloos en inspirerend bezoek.","og_url":"https:\/\/thewineaffair.be\/es\/informacion\/","og_site_name":"The Wine Affair","article_publisher":"https:\/\/www.facebook.com\/thewinespiritsartsaffair","article_modified_time":"2025-12-11T14:11:10+00:00","twitter_card":"summary_large_image","twitter_misc":{"Tiempo de lectura":"1 minuto"},"schema":{"@context":"https:\/\/schema.org","@graph":[{"@type":"WebPage","@id":"https:\/\/thewineaffair.be\/info\/","url":"https:\/\/thewineaffair.be\/info\/","name":"Informaci\u00f3n pr\u00e1ctica - The Wine Affair","isPartOf":{"@id":"https:\/\/thewineaffair.be\/#website"},"datePublished":"2020-03-13T17:29:07+00:00","dateModified":"2025-12-11T14:11:10+00:00","description":"Todo lo que necesita saber para su visita al evento \u200dDescubra cu\u00e1ndo, d\u00f3nde y c\u00f3mo llegar. Aqu\u00ed encontrar\u00e1 toda la informaci\u00f3n pr\u00e1ctica para que su visita le resulte sencilla e inspiradora.","breadcrumb":{"@id":"https:\/\/thewineaffair.be\/info\/#breadcrumb"},"inLanguage":"es","potentialAction":[{"@type":"ReadAction","target":["https:\/\/thewineaffair.be\/info\/"]}]},{"@type":"BreadcrumbList","@id":"https:\/\/thewineaffair.be\/info\/#breadcrumb","itemListElement":[{"@type":"ListItem","position":1,"name":"Home","item":"https:\/\/thewineaffair.be\/"},{"@type":"ListItem","position":2,"name":"Info"}]},{"@type":"WebSite","@id":"https:\/\/thewineaffair.be\/#website","url":"https:\/\/thewineaffair.be\/","name":"El asunto del vino","description":"Vino, licores, cervezas y arte","publisher":{"@id":"https:\/\/thewineaffair.be\/#organization"},"potentialAction":[{"@type":"SearchAction","target":{"@type":"EntryPoint","urlTemplate":"https:\/\/thewineaffair.be\/?s={search_term_string}"},"query-input":{"@type":"PropertyValueSpecification","valueRequired":true,"valueName":"search_term_string"}}],"inLanguage":"es"},{"@type":"Organization","@id":"https:\/\/thewineaffair.be\/#organization","name":"El asunto del vino","url":"https:\/\/thewineaffair.be\/","logo":{"@type":"ImageObject","inLanguage":"es","@id":"https:\/\/thewineaffair.be\/#\/schema\/logo\/image\/","url":"https:\/\/thewineaffair.be\/wp-content\/uploads\/2020\/03\/Untitled-2-1-e1753967920346.png","contentUrl":"https:\/\/thewineaffair.be\/wp-content\/uploads\/2020\/03\/Untitled-2-1-e1753967920346.png","width":800,"height":139,"caption":"The Wine Affair"},"image":{"@id":"https:\/\/thewineaffair.be\/#\/schema\/logo\/image\/"},"sameAs":["https:\/\/www.facebook.com\/thewinespiritsartsaffair","https:\/\/www.instagram.com\/the_wine_affair_spirits_art\/"]}]}},"jetpack_sharing_enabled":true,"_links":{"self":[{"href":"https:\/\/thewineaffair.be\/es\/wp-json\/wp\/v2\/pages\/336","targetHints":{"allow":["GET"]}}],"collection":[{"href":"https:\/\/thewineaffair.be\/es\/wp-json\/wp\/v2\/pages"}],"about":[{"href":"https:\/\/thewineaffair.be\/es\/wp-json\/wp\/v2\/types\/page"}],"author":[{"embeddable":true,"href":"https:\/\/thewineaffair.be\/es\/wp-json\/wp\/v2\/users\/1"}],"replies":[{"embeddable":true,"href":"https:\/\/thewineaffair.be\/es\/wp-json\/wp\/v2\/comments?post=336"}],"version-history":[{"count":22,"href":"https:\/\/thewineaffair.be\/es\/wp-json\/wp\/v2\/pages\/336\/revisions"}],"predecessor-version":[{"id":988251,"href":"https:\/\/thewineaffair.be\/es\/wp-json\/wp\/v2\/pages\/336\/revisions\/988251"}],"wp:attachment":[{"href":"https:\/\/thewineaffair.be\/es\/wp-json\/wp\/v2\/media?parent=336"}],"curies":[{"name":"wp","href":"https:\/\/api.w.org\/{rel}","templated":true}]}}